{"id":819,"date":"2013-10-28T15:56:39","date_gmt":"2013-10-28T14:56:39","guid":{"rendered":"http:\/\/out-side.jss.hu\/?page_id=819"},"modified":"2023-02-22T10:48:02","modified_gmt":"2023-02-22T09:48:02","slug":"profilunk","status":"publish","type":"page","link":"http:\/\/out-side.hu\/?page_id=819","title":{"rendered":"Profilunk"},"content":{"rendered":"<p> \u2022 K\u00fcl- \u00e9s belt\u00e9ri rekl\u00e1mfeliratok, berendez\u00e9sek tervez\u00e9se gy\u00e1rt\u00e1sa.<\/p>\n<p>\u2022 Plasztikus feliratok, habbet\u0171k v\u00e1g\u00e1sa, fest\u00e9se,<\/p>\n<p>\u2022 F\u00e9nyrekl\u00e1mok kivitelez\u00e9se.<\/p>\n<p>\u2022 Szabadon sug\u00e1rz\u00f3 neonfeliratok.<\/p>\n<p>\u2022 Inform\u00e1ci\u00f3s rendszerek, \u00fatbaigaz\u00edt\u00f3k, ajt\u00f3t\u00e1bl\u00e1k.<\/p>\n<p>\u2022 J\u00e1rm\u0171dekor\u00e1ci\u00f3, aut\u00f3, kisbusz, kamion,<\/p>\n<p>\u2022 Haj\u00f3k, vitorl\u00e1k grafik\u00e1z\u00e1sa.<\/p>\n<p>\u2022 Kirakatok, falak f\u00f3li\u00e1z\u00e1sa, dekor\u00e1ci\u00f3ja.<\/p>\n<p>\u2022 Mar\u00e1s, grav\u00edroz\u00e1s, braille feliratok,<\/p>\n<p>\u2022 L\u00e9zergrav\u00edroz\u00e1s, v\u00e1g\u00e1s.<\/p>\n<p>\u2022 Egyedi b\u00fatorok, haszn\u00e1lati t\u00e1rgyak tervez\u00e9se, gy\u00e1rt\u00e1sa,<\/p>\n<p>\u2022 Nyomtat\u00e1s, lamin\u00e1l\u00e1s.<\/p>\n","protected":false},"excerpt":{"rendered":"<p>\u2022 K\u00fcl- \u00e9s belt\u00e9ri rekl\u00e1mfeliratok, berendez\u00e9sek tervez\u00e9se gy\u00e1rt\u00e1sa. \u2022 Plasztikus feliratok, habbet\u0171k v\u00e1g\u00e1sa, fest\u00e9se, \u2022 F\u00e9nyrekl\u00e1mok kivitelez\u00e9se. \u2022 Szabadon sug\u00e1rz\u00f3 neonfeliratok. \u2022 Inform\u00e1ci\u00f3s rendszerek, \u00fatbaigaz\u00edt\u00f3k, ajt\u00f3t\u00e1bl\u00e1k. \u2022 J\u00e1rm\u0171dekor\u00e1ci\u00f3, aut\u00f3, kisbusz, kamion, \u2022 Haj\u00f3k, vitorl\u00e1k grafik\u00e1z\u00e1sa. \u2022 Kirakatok, falak f\u00f3li\u00e1z\u00e1sa, dekor\u00e1ci\u00f3ja. \u2022 Mar\u00e1s, grav\u00edroz\u00e1s, braille feliratok, \u2022 L\u00e9zergrav\u00edroz\u00e1s, v\u00e1g\u00e1s. \u2022 Egyedi b\u00fatorok, haszn\u00e1lati t\u00e1rgyak tervez\u00e9se, gy\u00e1rt\u00e1sa, [&hellip;]<\/p>\n","protected":false},"author":1,"featured_media":0,"parent":0,"menu_order":3,"comment_status":"open","ping_status":"closed","template":"","meta":{"ngg_post_thumbnail":0},"_links":{"self":[{"href":"http:\/\/out-side.hu\/index.php?rest_route=\/wp\/v2\/pages\/819"}],"collection":[{"href":"http:\/\/out-side.hu\/index.php?rest_route=\/wp\/v2\/pages"}],"about":[{"href":"http:\/\/out-side.hu\/index.php?rest_route=\/wp\/v2\/types\/page"}],"author":[{"embeddable":true,"href":"http:\/\/out-side.hu\/index.php?rest_route=\/wp\/v2\/users\/1"}],"replies":[{"embeddable":true,"href":"http:\/\/out-side.hu\/index.php?rest_route=%2Fwp%2Fv2%2Fcomments&post=819"}],"version-history":[{"count":18,"href":"http:\/\/out-side.hu\/index.php?rest_route=\/wp\/v2\/pages\/819\/revisions"}],"predecessor-version":[{"id":1352,"href":"http:\/\/out-side.hu\/index.php?rest_route=\/wp\/v2\/pages\/819\/revisions\/1352"}],"wp:attachment":[{"href":"http:\/\/out-side.hu\/index.php?rest_route=%2Fwp%2Fv2%2Fmedia&parent=819"}],"curies":[{"name":"wp","href":"https:\/\/api.w.org\/{rel}","templated":true}]}}