{"id":721,"date":"2013-01-18T11:09:22","date_gmt":"2013-01-18T10:09:22","guid":{"rendered":"http:\/\/dev.sot.hu\/?page_id=721"},"modified":"2022-01-12T08:27:01","modified_gmt":"2022-01-12T07:27:01","slug":"nyito-oldal","status":"publish","type":"page","link":"http:\/\/out-side.hu\/","title":{"rendered":"Magunkr\u00f3l"},"content":{"rendered":"<p>&nbsp;<\/p>\n<p>C\u00e9g\u00fcnk 2002-ben alakult azzal a sz\u00e1nd\u00e9kkal, hogy rugalmasan egy\u00fctt dolgozva \u00dcgyfeleinkkel, seg\u00edtse azok<\/p>\n<p>munk\u00e1j\u00e1t. A grafik\u00e1kat, rekl\u00e1mberendez\u00e9seket, b\u00fatorokat magunk tervezz\u00fck, gy\u00e1rtjuk, szerelj\u00fck, figyelembe<\/p>\n<p>v\u00e9ve a Partnereink ig\u00e9nyeit. Az eltelt \u00e9vekben mind \u00fcgyfeleinkkel, mind besz\u00e1ll\u00edt\u00f3inkkal olyan kapcsolatot<\/p>\n<p>alak\u00edtottunk&nbsp;ki, melyek biztos\u00edtj\u00e1k a hossz\u00fa t\u00e1v\u00fa egy\u00fcttm\u0171k\u00f6d\u00e9s alapjait.<\/p>\n<p><\/p>\n\n\n<p><\/p>\n","protected":false},"excerpt":{"rendered":"<p>&nbsp; C\u00e9g\u00fcnk 2002-ben alakult azzal a sz\u00e1nd\u00e9kkal, hogy rugalmasan egy\u00fctt dolgozva \u00dcgyfeleinkkel, seg\u00edtse azok munk\u00e1j\u00e1t. A grafik\u00e1kat, rekl\u00e1mberendez\u00e9seket, b\u00fatorokat magunk tervezz\u00fck, gy\u00e1rtjuk, szerelj\u00fck, figyelembe v\u00e9ve a Partnereink ig\u00e9nyeit. Az eltelt \u00e9vekben mind \u00fcgyfeleinkkel, mind besz\u00e1ll\u00edt\u00f3inkkal olyan kapcsolatot alak\u00edtottunk&nbsp;ki, melyek biztos\u00edtj\u00e1k a hossz\u00fa t\u00e1v\u00fa egy\u00fcttm\u0171k\u00f6d\u00e9s alapjait.<\/p>\n","protected":false},"author":1,"featured_media":0,"parent":0,"menu_order":1,"comment_status":"closed","ping_status":"closed","template":"","meta":{"ngg_post_thumbnail":0},"_links":{"self":[{"href":"http:\/\/out-side.hu\/index.php?rest_route=\/wp\/v2\/pages\/721"}],"collection":[{"href":"http:\/\/out-side.hu\/index.php?rest_route=\/wp\/v2\/pages"}],"about":[{"href":"http:\/\/out-side.hu\/index.php?rest_route=\/wp\/v2\/types\/page"}],"author":[{"embeddable":true,"href":"http:\/\/out-side.hu\/index.php?rest_route=\/wp\/v2\/users\/1"}],"replies":[{"embeddable":true,"href":"http:\/\/out-side.hu\/index.php?rest_route=%2Fwp%2Fv2%2Fcomments&post=721"}],"version-history":[{"count":25,"href":"http:\/\/out-side.hu\/index.php?rest_route=\/wp\/v2\/pages\/721\/revisions"}],"predecessor-version":[{"id":1336,"href":"http:\/\/out-side.hu\/index.php?rest_route=\/wp\/v2\/pages\/721\/revisions\/1336"}],"wp:attachment":[{"href":"http:\/\/out-side.hu\/index.php?rest_route=%2Fwp%2Fv2%2Fmedia&parent=721"}],"curies":[{"name":"wp","href":"https:\/\/api.w.org\/{rel}","templated":true}]}}