{"id":381,"date":"2012-01-16T12:06:33","date_gmt":"2012-01-16T11:06:33","guid":{"rendered":"http:\/\/dev.sot.hu\/?page_id=381"},"modified":"2021-07-06T11:54:20","modified_gmt":"2021-07-06T10:54:20","slug":"referenciak-2","status":"publish","type":"page","link":"http:\/\/out-side.hu\/?page_id=381","title":{"rendered":"Szolg\u00e1ltat\u00e1saink"},"content":{"rendered":"<p>&nbsp;<\/p>\n<p>\u2022 D\u00edjmentes l\u00e1tv\u00e1nyterv \u00e9s aj\u00e1nlatk\u00e9sz\u00edt\u00e9s,<\/p>\n<p>\u2022 Felm\u00e9r\u00e9s,<\/p>\n<p>\u2022 Gy\u00e1rt\u00e1s-el\u0151k\u00e9sz\u00edt\u00e9s,<\/p>\n<p>\u2022 Szerel\u00e9si munk\u00e1k.<\/p>\n","protected":false},"excerpt":{"rendered":"<p>&nbsp; \u2022 D\u00edjmentes l\u00e1tv\u00e1nyterv \u00e9s aj\u00e1nlatk\u00e9sz\u00edt\u00e9s, \u2022 Felm\u00e9r\u00e9s, \u2022 Gy\u00e1rt\u00e1s-el\u0151k\u00e9sz\u00edt\u00e9s, \u2022 Szerel\u00e9si munk\u00e1k.<\/p>\n","protected":false},"author":1,"featured_media":0,"parent":0,"menu_order":2,"comment_status":"open","ping_status":"closed","template":"","meta":{"ngg_post_thumbnail":0},"_links":{"self":[{"href":"http:\/\/out-side.hu\/index.php?rest_route=\/wp\/v2\/pages\/381"}],"collection":[{"href":"http:\/\/out-side.hu\/index.php?rest_route=\/wp\/v2\/pages"}],"about":[{"href":"http:\/\/out-side.hu\/index.php?rest_route=\/wp\/v2\/types\/page"}],"author":[{"embeddable":true,"href":"http:\/\/out-side.hu\/index.php?rest_route=\/wp\/v2\/users\/1"}],"replies":[{"embeddable":true,"href":"http:\/\/out-side.hu\/index.php?rest_route=%2Fwp%2Fv2%2Fcomments&post=381"}],"version-history":[{"count":17,"href":"http:\/\/out-side.hu\/index.php?rest_route=\/wp\/v2\/pages\/381\/revisions"}],"predecessor-version":[{"id":1240,"href":"http:\/\/out-side.hu\/index.php?rest_route=\/wp\/v2\/pages\/381\/revisions\/1240"}],"wp:attachment":[{"href":"http:\/\/out-side.hu\/index.php?rest_route=%2Fwp%2Fv2%2Fmedia&parent=381"}],"curies":[{"name":"wp","href":"https:\/\/api.w.org\/{rel}","templated":true}]}}